{"id":2693,"date":"2020-06-29T04:07:29","date_gmt":"2020-06-29T04:07:29","guid":{"rendered":"http:\/\/coedu.alianza.edu.uy\/?page_id=2693"},"modified":"2025-05-05T17:25:50","modified_gmt":"2025-05-05T17:25:50","slug":"planes-y-precios","status":"publish","type":"page","link":"https:\/\/coedu.alianza.edu.uy\/index.php\/planes-y-precios\/","title":{"rendered":"Planes y precios"},"content":{"rendered":"<p>[vc_row][vc_column][vc_empty_space][\/vc_column][\/vc_row][vc_row][vc_column][vc_column_text]<span><strong><span style=\"color: #009a97;\">CoEDU <\/span><\/strong><\/span>es un producto totalmente <span><strong><span style=\"color: #009a97;\">FLEXIBLE<\/span><\/strong><\/span>, que se adapta a las necesidades de cada cliente.<\/p>\n<p>M\u00e1s all\u00e1 de que aqu\u00ed te presentamos algunos planes standard, puedes consultarnos en cualquier momento para crear un plan especial, personalizado de acuerdo a tus necesidades y posibilidades.<\/p>\n<p>No dejes de <a href=\"http:\/\/coedu.alianza.edu.uy\/index.php\/contacto-entrevistas\/\">agendar una reuni\u00f3n<\/a> con nosotros, con mucho gusto te recibiremos.[\/vc_column_text][\/vc_column][\/vc_row][vc_row][vc_column][vc_empty_space][vc_separator][vc_empty_space][\/vc_column][\/vc_row][vc_row][vc_column][vc_column_text]<\/p>\n<h1><span style=\"color: #0145ac;\">PLANES ESPECIALES<\/span><\/h1>\n<p>[\/vc_column_text][vc_row_inner][vc_column_inner][vc_empty_space][\/vc_column_inner][vc_column_inner width=\u00bb1\/4&#8243;]\r\n\t\t\t<div class=\" pricing pricing-1 boxed boxed--lg boxed--border \">\r\n\t\t\t\t<h3>WEEKEND<\/h3>\r\n\t\t\t\t<span class=\"h2\"><strong><\/strong><\/span>\r\n\t\t\t\t\r\n\t\t\t\t<p><span class=\"checkmark bg--primary-1\"><\/span><span> 30% OFF<br \/>\nen todos los servicios <strong><span style=\"color: #009a97;\">CoEDU<\/span><\/strong><\/span><\/p>\n<hr \/>\n<p>Para todo tipo de capacitadores que deseen impartir sus formaciones los s\u00e1bados y domingos, este plan establece un 30% de descuento en los precios de lista de los servicios integrales de <strong><span style=\"color: #009a97;\">CoEdu.<\/span><\/strong><\/p>\n\r\n\t\t\t\t<a class=\"btn btn--primary\" href=\"http:\/\/coedu.alianza.edu.uy\/index.php\/contacto-entrevistas\/\">Solicitar ser miembro<\/a>\r\n\t\t\t<\/div><!--end of pricing-->\r\n\t\t[\/vc_column_inner][vc_column_inner width=\u00bb1\/4&#8243;]\r\n\t\t\t<div class=\" pricing pricing-1 boxed boxed--lg boxed--border \">\r\n\t\t\t\t<h3>ESTUDIANTES<\/h3>\r\n\t\t\t\t<span class=\"h2\"><strong><\/strong><\/span>\r\n\t\t\t\t\r\n\t\t\t\t<p><span class=\"checkmark bg--primary-1\"><\/span> <span> 20% OFF<br \/>\nen todos los servicios <strong><span style=\"color: #009a97;\">CoEDU<\/span><\/strong><br \/>\n<\/span><\/p>\n<hr \/>\n<p>Es un plan destinado a estudiantes terciarios o de la red de Alianzas. Esta opci\u00f3n otorga un descuento del 20% en los precios de lista de los servicios integrales de <strong><span style=\"color: #009a97;\">CoEdu<\/span><\/strong>.<\/p>\n\r\n\t\t\t\t<a class=\"btn btn--primary\" href=\"http:\/\/coedu.alianza.edu.uy\/index.php\/contacto-entrevistas\/\">Solicitar ser miembro<\/a>\r\n\t\t\t<\/div><!--end of pricing-->\r\n\t\t[\/vc_column_inner][vc_column_inner width=\u00bb1\/4&#8243;]\r\n\t\t\t<div class=\" pricing pricing-1 boxed boxed--lg boxed--border \">\r\n\t\t\t\t<h3>WELCOME<\/h3>\r\n\t\t\t\t<span class=\"h2\"><strong><\/strong><\/span>\r\n\t\t\t\t\r\n\t\t\t\t<p><span class=\"checkmark bg--primary-1\"><\/span><span> 20% OFF<br \/>\nen todos los servicios <strong><span style=\"color: #009a97;\">CoEDU<\/span><\/strong><\/span><\/p>\n<hr \/>\n<p>Con el objetivo de fomentar la inclusi\u00f3n en nuestro pa\u00eds de capacitadores extranjeros, este plan les otorga un descuento del 20% para beneficiarse de los servicios integrales de <strong><span style=\"color: #009a97;\">CoEdu.<\/span><\/strong><\/p>\n\r\n\t\t\t\t<a class=\"btn btn--primary\" href=\"http:\/\/coedu.alianza.edu.uy\/index.php\/contacto-entrevistas\/\">Solicitar ser miembro<\/a>\r\n\t\t\t<\/div><!--end of pricing-->\r\n\t\t[\/vc_column_inner][vc_column_inner width=\u00bb1\/4&#8243;]\r\n\t\t\t<div class=\" pricing pricing-1 boxed boxed--lg boxed--border \">\r\n\t\t\t\t<h3>ARTISTAS<\/h3>\r\n\t\t\t\t<span class=\"h2\"><strong><\/strong><\/span>\r\n\t\t\t\t\r\n\t\t\t\t<p><span class=\"checkmark bg--primary-1\"><\/span><span>20% OFF<br \/>\nen todos los servicios <strong><span style=\"color: #009a97;\">CoEDU<\/span><\/strong><\/span><\/p>\n<hr \/>\n<p>En el marco del compromiso de la Alianza con la cultura, este plan otorga 20% de descuento en los servicios integrales de <strong><span style=\"color: #009a97;\">CoEdu<\/span> <\/strong>a aquellos artistas que ofrecen capacitaciones.<\/p>\n\r\n\t\t\t\t<a class=\"btn btn--primary\" href=\"http:\/\/coedu.alianza.edu.uy\/index.php\/contacto-entrevistas\/\">Solicitar ser miembro<\/a>\r\n\t\t\t<\/div><!--end of pricing-->\r\n\t\t[\/vc_column_inner][\/vc_row_inner][\/vc_column][\/vc_row][vc_row][vc_column][vc_empty_space][vc_separator][vc_empty_space][\/vc_column][\/vc_row][vc_row disable_element=\u00bbyes\u00bb][vc_column][vc_column_text]<\/p>\n<h1><span style=\"color: #0145ac;\">CONTRATACI\u00d3N ESPEC\u00cdFICA<\/span><\/h1>\n<p>[\/vc_column_text][vc_empty_space][vc_column_text]<strong><span style=\"color: #009a97;\">Plan adaptable a tus necesidades:<\/span><\/strong><\/p>\n<p><span class=\"checkmark bg--primary-1\"><\/span><span>Para clases presenciales: Sal\u00f3n + asesoramiento desde $750 por hora<\/span><br \/>\n<span class=\"checkmark bg--primary-1\"><\/span><span>Para clases virtuales: Oficina virtual + asistencia t\u00e9cnica desde $450 por hora<\/span><br \/>\n<span class=\"checkmark bg--primary-1\"><\/span><span>Para conferencias: Auditorio + asesoramiento t\u00e9cnico desde $1075 por hora<\/span><br \/>\n<span class=\"checkmark bg--primary-1\"><\/span><span>Para reuniones y presentaciones: Sala de reuniones + asesoramiento desde $620 por hora<\/span><br \/>\n<span class=\"checkmark bg--primary-1\"><\/span><span>Para producciones audiovisuales: Estudio audiovisual + edici\u00f3n desde $2.000 por hora<\/span>[\/vc_column_text][\/vc_column][\/vc_row][vc_row][vc_column][vc_empty_space][vc_separator][vc_empty_space][\/vc_column][\/vc_row][vc_row disable_element=\u00bbyes\u00bb][vc_column][vc_column_text]<\/p>\n<h1><span style=\"color: #0145ac;\">PLANES DE MEMBRES\u00cdA(*)<\/span><\/h1>\n<p>[\/vc_column_text][vc_empty_space][vc_row_inner][vc_column_inner width=\u00bb1\/4&#8243;]\r\n\t\t\t<div class=\" pricing pricing-1 boxed boxed--lg boxed--border \">\r\n\t\t\t\t<h3>COMPROMETIDO<\/h3>\r\n\t\t\t\t<span class=\"h2\"><strong>$1.232<\/strong><\/span>\r\n\t\t\t\t\r\n\t\t\t\t<p>\/mes en UYU<\/p>\n<hr \/>\n<p><span style=\"color: #0145ac;\"><strong>Beneficios incluidos:<\/strong><\/span><\/p>\n<ul>\n<li><span class=\"checkmark bg--primary-1\"><\/span><span>Servicios del Multiespacio Educativo Cultural<\/span><\/li>\n<li><span class=\"checkmark bg--primary-1\"><\/span><span>5% OFF en cursos de ingl\u00e9s<\/span><\/li>\n<li><span class=\"checkmark bg--primary-1\"><\/span><span>10% OFF en AlianzaPRO<\/span><\/li>\n<li><span class=\"checkmark bg--primary-1\"><\/span><span>15% OFF en utilizaci\u00f3n de espacios<\/span><\/li>\n<\/ul>\n<p>&nbsp;<\/p>\n<p>&nbsp;<\/p>\n<p>\n\r\n\t\t\t\t<a class=\"btn btn--primary\" href=\"http:\/\/coedu.alianza.edu.uy\/index.php\/contacto-entrevistas\/\">Solicitar ser miembro<\/a>\r\n\t\t\t<\/div><!--end of pricing-->\r\n\t\t[\/vc_column_inner][vc_column_inner width=\u00bb1\/4&#8243;]\r\n\t\t\t<div class=\" pricing pricing-1 boxed boxed--lg boxed--border \">\r\n\t\t\t\t<h3>COLEGA<\/h3>\r\n\t\t\t\t<span class=\"h2\"><strong>$3.080<\/strong><\/span>\r\n\t\t\t\t\r\n\t\t\t\t<p>\/mes en UYU<\/p>\n<hr \/>\n<p><span style=\"color: #0145ac;\"><strong>Beneficios incluidos:<\/strong><\/span><\/p>\n<ul>\n<li><span class=\"checkmark bg--primary-1\"><\/span><span>Servicios del Multiespacio Educativo Cultural<\/span><\/li>\n<li><span class=\"checkmark bg--primary-1\"><\/span><span>15% OFF en cursos de ingl\u00e9s<\/span><\/li>\n<li><span class=\"checkmark bg--primary-1\"><\/span><span>15% OFF en AlianzaPRO<\/span><\/li>\n<li><span class=\"checkmark bg--primary-1\"><\/span><span>4 h mensuales en espacios de max. 20 personas<\/span><\/li>\n<\/ul>\n<p>&nbsp;<\/p>\n<p>&nbsp;<\/p>\n<p>&nbsp;<\/p>\n<p>&nbsp;<\/p>\n<p>&nbsp;<\/p>\n<p>\n\r\n\t\t\t\t<a class=\"btn btn--primary\" href=\"http:\/\/coedu.alianza.edu.uy\/index.php\/contacto-entrevistas\/\">Solicitar ser miembro<\/a>\r\n\t\t\t<\/div><!--end of pricing-->\r\n\t\t[\/vc_column_inner][vc_column_inner width=\u00bb1\/4&#8243;]\r\n\t\t\t<div class=\" pricing pricing-1 boxed boxed--lg boxed--border \">\r\n\t\t\t\t<h3>CO-PARTICIPE<\/h3>\r\n\t\t\t\t<span class=\"h2\"><strong>$7.392<\/strong><\/span>\r\n\t\t\t\t\r\n\t\t\t\t<p>\/mes en UYU<\/p>\n<hr \/>\n<p><span style=\"color: #0145ac;\"><strong>Beneficios incluidos:<\/strong><\/span><\/p>\n<ul>\n<li><span class=\"checkmark bg--primary-1\"><\/span><span>Servicios del Multiespacio Educativo Cultural<\/span><\/li>\n<li><span class=\"checkmark bg--primary-1\"><\/span><span>20% OFF en cursos de ingl\u00e9s<\/span><\/li>\n<li><span class=\"checkmark bg--primary-1\"><\/span><span>20% OFF en AlianzaPRO<\/span><\/li>\n<li><span class=\"checkmark bg--primary-1\"><\/span><span>10 h en espacios de max. 20 personas<\/span><\/li>\n<li><span class=\"checkmark bg--primary-1\"><\/span> <span>20%\u00a0 OFF en servicios CoEdu*<\/span><\/li>\n<li><span class=\"checkmark bg--primary-1\"><\/span> <span>Invitaciones sin costo a instancias de capacitaci\u00f3n<\/span><\/li>\n<li><span class=\"checkmark bg--primary-1\"><\/span><span>30% OFF en entradas del Teatro Alianza<\/span><\/li>\n<\/ul>\n<p>&nbsp;<\/p>\n<p>&nbsp;<\/p>\n<p><span class=\"type--fade\">* L\u00edmite de 6h mensuales bonificadas para espacios de +40 personas<\/span><\/p>\n\r\n\t\t\t\t<a class=\"btn btn--primary\" href=\"http:\/\/coedu.alianza.edu.uy\/index.php\/contacto-entrevistas\/\">Solicitar ser miembro<\/a>\r\n\t\t\t<\/div><!--end of pricing-->\r\n\t\t[\/vc_column_inner][vc_column_inner width=\u00bb1\/4&#8243;]\r\n\t\t\t<div class=\" pricing pricing-1 boxed boxed--lg boxed--border \">\r\n\t\t\t\t<h3>CO-CREADOR<\/h3>\r\n\t\t\t\t<span class=\"h2\"><strong>$14.784<\/strong><\/span>\r\n\t\t\t\t\r\n\t\t\t\t<p>\/mes en UYU<\/p>\n<hr \/>\n<p><span style=\"color: #0145ac;\"><strong>Beneficios incluidos:<\/strong><\/span><\/p>\n<ul>\n<li><span class=\"checkmark bg--primary-1\"><\/span><span>Servicios del Multiespacio Educativo Cultural<\/span><\/li>\n<li><span class=\"checkmark bg--primary-1\"><\/span><span>30% OFF en cursos de ingl\u00e9s<\/span><\/li>\n<li><span class=\"checkmark bg--primary-1\"><\/span><span>30% OFF en AlianzaPRO<\/span><\/li>\n<li><span class=\"checkmark bg--primary-1\"><\/span><span>20 h en espacios de max. 20 personas<\/span><\/li>\n<li><span class=\"checkmark bg--primary-1\"><\/span><span>2 h en espacios de max. 40 personas<\/span><\/li>\n<li><span class=\"checkmark bg--primary-1\"><\/span><span>1 h en espacios de +40 personas<\/span><\/li>\n<li><span class=\"checkmark bg--primary-1\"><\/span><span>30% OFF en servicios CoEdu*<\/span><\/li>\n<li><span class=\"checkmark bg--primary-1\"><\/span><span>Invitaciones a charlas con expertos <\/span><\/li>\n<li><span class=\"checkmark bg--primary-1\"><\/span><span>4 invitaciones al Teatro Alianza<\/span><\/li>\n<\/ul>\n<p>&nbsp;<\/p>\n<p>&nbsp;<\/p>\n<p><span class=\"type--fade\">* L\u00edmite de 6h mensuales bonificadas para espacios de +40 personas<\/span><\/p>\n\r\n\t\t\t\t<a class=\"btn btn--primary\" href=\"http:\/\/coedu.alianza.edu.uy\/index.php\/contacto-entrevistas\/\">Solicitar ser miembro<\/a>\r\n\t\t\t<\/div><!--end of pricing-->\r\n\t\t[\/vc_column_inner][\/vc_row_inner][vc_column_text]<strong><span style=\"color: #009a97;\">(*) Condiciones:<\/span><\/strong><\/p>\n<p><span class=\"checkmark bg--primary-1\"><\/span>Las membres\u00edas son v\u00e1lidas para contrataciones que perduren al menos 3 meses.[\/vc_column_text][\/vc_column][\/vc_row]<\/p>\n","protected":false},"excerpt":{"rendered":"<p>[vc_row][vc_column][vc_empty_space][\/vc_column][\/vc_row][vc_row][vc_column][vc_column_text]CoEDU es un producto totalmente FLEXIBLE, que se adapta a las necesidades de cada cliente. M\u00e1s all\u00e1 de que aqu\u00ed te presentamos&#8230;<\/p>\n","protected":false},"author":1,"featured_media":0,"parent":0,"menu_order":0,"comment_status":"closed","ping_status":"closed","template":"","meta":[],"_links":{"self":[{"href":"https:\/\/coedu.alianza.edu.uy\/index.php\/wp-json\/wp\/v2\/pages\/2693"}],"collection":[{"href":"https:\/\/coedu.alianza.edu.uy\/index.php\/wp-json\/wp\/v2\/pages"}],"about":[{"href":"https:\/\/coedu.alianza.edu.uy\/index.php\/wp-json\/wp\/v2\/types\/page"}],"author":[{"embeddable":true,"href":"https:\/\/coedu.alianza.edu.uy\/index.php\/wp-json\/wp\/v2\/users\/1"}],"replies":[{"embeddable":true,"href":"https:\/\/coedu.alianza.edu.uy\/index.php\/wp-json\/wp\/v2\/comments?post=2693"}],"version-history":[{"count":78,"href":"https:\/\/coedu.alianza.edu.uy\/index.php\/wp-json\/wp\/v2\/pages\/2693\/revisions"}],"predecessor-version":[{"id":3205,"href":"https:\/\/coedu.alianza.edu.uy\/index.php\/wp-json\/wp\/v2\/pages\/2693\/revisions\/3205"}],"wp:attachment":[{"href":"https:\/\/coedu.alianza.edu.uy\/index.php\/wp-json\/wp\/v2\/media?parent=2693"}],"curies":[{"name":"wp","href":"https:\/\/api.w.org\/{rel}","templated":true}]}}