{"id":2686,"date":"2020-06-29T04:05:55","date_gmt":"2020-06-29T04:05:55","guid":{"rendered":"http:\/\/coedu.alianza.edu.uy\/?page_id=2686"},"modified":"2020-08-18T13:52:19","modified_gmt":"2020-08-18T13:52:19","slug":"espacios","status":"publish","type":"page","link":"https:\/\/coedu.alianza.edu.uy\/index.php\/espacios\/","title":{"rendered":"Espacios"},"content":{"rendered":"<p>[vc_row][vc_column width=\u00bb1\/4&#8243;][\/vc_column][vc_column width=\u00bb3\/4&#8243;][vc_column_text]<span style=\"color: #33cccc;\"><strong>CoEDU<\/strong> <\/span>cuenta con infraestructura f\u00edsica para todos los gustos y necesidades.[\/vc_column_text][\/vc_column][\/vc_row][vc_row][vc_column][vc_empty_space][vc_separator][vc_empty_space][\/vc_column][vc_column][\/vc_column][\/vc_row][vc_row][vc_column width=\u00bb1\/4&#8243;]<a class=\"\" href=\"https:\/\/coedu.alianza.edu.uy\/wp-content\/uploads\/2020\/06\/DSC_0563-2.jpg\" data-lightbox=\"true\"><img width=\"1024\" height=\"683\" src=\"https:\/\/coedu.alianza.edu.uy\/wp-content\/uploads\/2020\/06\/DSC_0563-2-1024x683.jpg\" class=\"attachment-large size-large\" alt=\"\" decoding=\"async\" loading=\"lazy\" srcset=\"https:\/\/coedu.alianza.edu.uy\/wp-content\/uploads\/2020\/06\/DSC_0563-2-1024x683.jpg 1024w, https:\/\/coedu.alianza.edu.uy\/wp-content\/uploads\/2020\/06\/DSC_0563-2-300x200.jpg 300w, https:\/\/coedu.alianza.edu.uy\/wp-content\/uploads\/2020\/06\/DSC_0563-2-768x512.jpg 768w, https:\/\/coedu.alianza.edu.uy\/wp-content\/uploads\/2020\/06\/DSC_0563-2-1536x1024.jpg 1536w, https:\/\/coedu.alianza.edu.uy\/wp-content\/uploads\/2020\/06\/DSC_0563-2-2048x1366.jpg 2048w\" sizes=\"(max-width: 1024px) 100vw, 1024px\" \/><\/a>[\/vc_column][vc_column width=\u00bb3\/4&#8243;][vc_column_text]<\/p>\n<h4><span style=\"color: #33cccc;\"><strong>Salones de clase:<\/strong><\/span><\/h4>\n<p>Son espacios acondicionados para realizar cualquier tipo de instancia formativa.\u00a0 Los salones de clase <span style=\"color: #33cccc;\"><strong>CoEDU<\/strong><\/span>, pueden alojar entre 15 y 25 personas. Adem\u00e1s, est\u00e1n equipados con todo lo necesario para que tu clase sea un \u00e9xito: internet, proyector y pantalla, pizarr\u00f3n y equipo de audio.<\/p>\n<p>Contamos tambi\u00e9n con un sal\u00f3n accesible.[\/vc_column_text][\/vc_column][\/vc_row][vc_row][vc_column][vc_empty_space][vc_separator][vc_empty_space][\/vc_column][\/vc_row][vc_row][vc_column width=\u00bb1\/4&#8243;]<a class=\"\" href=\"https:\/\/coedu.alianza.edu.uy\/wp-content\/uploads\/2020\/06\/DSC_1010-scaled.jpg\" data-lightbox=\"true\"><img width=\"1024\" height=\"683\" src=\"https:\/\/coedu.alianza.edu.uy\/wp-content\/uploads\/2020\/06\/DSC_1010-1024x683.jpg\" class=\"attachment-large size-large\" alt=\"\" decoding=\"async\" loading=\"lazy\" srcset=\"https:\/\/coedu.alianza.edu.uy\/wp-content\/uploads\/2020\/06\/DSC_1010-1024x683.jpg 1024w, https:\/\/coedu.alianza.edu.uy\/wp-content\/uploads\/2020\/06\/DSC_1010-300x200.jpg 300w, https:\/\/coedu.alianza.edu.uy\/wp-content\/uploads\/2020\/06\/DSC_1010-768x512.jpg 768w, https:\/\/coedu.alianza.edu.uy\/wp-content\/uploads\/2020\/06\/DSC_1010-1536x1024.jpg 1536w, https:\/\/coedu.alianza.edu.uy\/wp-content\/uploads\/2020\/06\/DSC_1010-2048x1365.jpg 2048w\" sizes=\"(max-width: 1024px) 100vw, 1024px\" \/><\/a>[\/vc_column][vc_column width=\u00bb3\/4&#8243;][vc_column_text]<\/p>\n<h4><span style=\"color: #33cccc;\"><strong>Salas de reuniones:<\/strong><\/span><\/h4>\n<p>Contamos con dos espacios acondicionados para que puedas llevar a cabo tus reuniones o presentaciones sin preocuparte por nada. Con capacidad para 12 personas, las salas de reuniones de <span style=\"color: #009a97;\"><strong>CoEDU<\/strong> <\/span>est\u00e1n dise\u00f1adas para dar respuesta a todas tus necesidades.<\/p>\n<p>\u00a1Conocelas![\/vc_column_text][\/vc_column][\/vc_row][vc_row][vc_column][vc_empty_space][vc_separator][vc_empty_space][\/vc_column][\/vc_row][vc_row][vc_column width=\u00bb1\/4&#8243;]<a class=\"\" href=\"https:\/\/coedu.alianza.edu.uy\/wp-content\/uploads\/2020\/07\/oficina.png\" data-lightbox=\"true\"><img width=\"1024\" height=\"682\" src=\"https:\/\/coedu.alianza.edu.uy\/wp-content\/uploads\/2020\/07\/oficina-1024x682.png\" class=\"attachment-large size-large\" alt=\"\" decoding=\"async\" loading=\"lazy\" srcset=\"https:\/\/coedu.alianza.edu.uy\/wp-content\/uploads\/2020\/07\/oficina-1024x682.png 1024w, https:\/\/coedu.alianza.edu.uy\/wp-content\/uploads\/2020\/07\/oficina-300x200.png 300w, https:\/\/coedu.alianza.edu.uy\/wp-content\/uploads\/2020\/07\/oficina-768x512.png 768w, https:\/\/coedu.alianza.edu.uy\/wp-content\/uploads\/2020\/07\/oficina-1536x1023.png 1536w, https:\/\/coedu.alianza.edu.uy\/wp-content\/uploads\/2020\/07\/oficina-2048x1364.png 2048w\" sizes=\"(max-width: 1024px) 100vw, 1024px\" \/><\/a>[\/vc_column][vc_column width=\u00bb3\/4&#8243;][vc_column_text]<\/p>\n<h4><span style=\"color: #33cccc;\"><strong>Oficinas para clases remotas:<\/strong><\/span><\/h4>\n<p>En estos tiempos, es indispensable contar con un espacio dise\u00f1ado para que lleves adelante tus sesiones formativas virtuales de forma \u00e1gil y privada. Las oficinas CR, est\u00e1n equipadas con la mejor tecnolog\u00eda para que solo te dediques a impresionar a tus alumnos.[\/vc_column_text][\/vc_column][\/vc_row][vc_row][vc_column][vc_empty_space][vc_separator][vc_empty_space][\/vc_column][\/vc_row][vc_row][vc_column width=\u00bb1\/4&#8243;]<a class=\"\" href=\"https:\/\/coedu.alianza.edu.uy\/wp-content\/uploads\/2020\/07\/china.png\" data-lightbox=\"true\"><img width=\"1024\" height=\"683\" src=\"https:\/\/coedu.alianza.edu.uy\/wp-content\/uploads\/2020\/07\/china-1024x683.png\" class=\"attachment-large size-large\" alt=\"\" decoding=\"async\" loading=\"lazy\" srcset=\"https:\/\/coedu.alianza.edu.uy\/wp-content\/uploads\/2020\/07\/china-1024x683.png 1024w, https:\/\/coedu.alianza.edu.uy\/wp-content\/uploads\/2020\/07\/china-300x200.png 300w, https:\/\/coedu.alianza.edu.uy\/wp-content\/uploads\/2020\/07\/china-768x512.png 768w, https:\/\/coedu.alianza.edu.uy\/wp-content\/uploads\/2020\/07\/china-1536x1024.png 1536w, https:\/\/coedu.alianza.edu.uy\/wp-content\/uploads\/2020\/07\/china-2048x1365.png 2048w\" sizes=\"(max-width: 1024px) 100vw, 1024px\" \/><\/a>[\/vc_column][vc_column width=\u00bb3\/4&#8243;][vc_column_text]<\/p>\n<h4><span style=\"color: #33cccc;\"><strong>Auditorios:<\/strong><\/span><\/h4>\n<p>\u00bfNecesit\u00e1s dar una clase para muchos estudiantes? \u00bfO realizar una conferencia para una audiencia numerosa? \u00a1<span style=\"color: #009a97;\"><strong>CoEDU<\/strong> <\/span>tiene la soluci\u00f3n! Contamos con 3 auditorios equipados con la mejor tecnolog\u00eda audiovisual y de iluminaci\u00f3n, para que tu evento sea perfecto.<\/p>\n<p>Sala Baxter: 60 pesonas sentadas \/ 100 personas de pie<br \/>\nSala Dos: 97 personas sentadas<br \/>\nSala China Zorrilla: 194 personas sentadas[\/vc_column_text][\/vc_column][\/vc_row][vc_row][vc_column][vc_empty_space][vc_separator][vc_empty_space][\/vc_column][\/vc_row][vc_row][vc_column width=\u00bb1\/4&#8243;]<a class=\"\" href=\"https:\/\/coedu.alianza.edu.uy\/wp-content\/uploads\/2020\/07\/mec.png\" data-lightbox=\"true\"><img width=\"1024\" height=\"684\" src=\"https:\/\/coedu.alianza.edu.uy\/wp-content\/uploads\/2020\/07\/mec-1024x684.png\" class=\"attachment-large size-large\" alt=\"\" decoding=\"async\" loading=\"lazy\" srcset=\"https:\/\/coedu.alianza.edu.uy\/wp-content\/uploads\/2020\/07\/mec-1024x684.png 1024w, https:\/\/coedu.alianza.edu.uy\/wp-content\/uploads\/2020\/07\/mec-300x200.png 300w, https:\/\/coedu.alianza.edu.uy\/wp-content\/uploads\/2020\/07\/mec-768x513.png 768w, https:\/\/coedu.alianza.edu.uy\/wp-content\/uploads\/2020\/07\/mec-1536x1025.png 1536w, https:\/\/coedu.alianza.edu.uy\/wp-content\/uploads\/2020\/07\/mec-2048x1367.png 2048w\" sizes=\"(max-width: 1024px) 100vw, 1024px\" \/><\/a>[\/vc_column][vc_column width=\u00bb3\/4&#8243;][vc_column_text]<\/p>\n<h4><span style=\"color: #33cccc;\"><strong>Multiespacio Educativo &#8211; Cultural:<\/strong><\/span><\/h4>\n<p>Si buscas versatilidad y flexibilidad, el Multiespacio Educativo &#8211; Cultural es para vos. Ambientes pr\u00e1cticos dise\u00f1ados para realizar tus capacitaciones, charlas o eventos con todas las comodidades que necesites. La decoraci\u00f3n, la atm\u00f3sfera relajada y la distribuci\u00f3n mobiliaria, hacen del Multiespacio un lugar ideal para fomentar la integraci\u00f3n y creatividad.<\/p>\n<p>En el Multiespacio Educativo Cultural de <span style=\"color: #009a97;\"><strong>CoEDU<\/strong><\/span>, encontrar\u00e1s la tecnolog\u00eda y la rob\u00f3tica al alcance de tus necesidades formativas, espacios confortables ideales para charlas o din\u00e1micas de capacitaci\u00f3n poco numerosas, grandes mesas para elaboraci\u00f3n de diversos proyectos, computadoras \u00a1y mucho m\u00e1s![\/vc_column_text][\/vc_column][\/vc_row][vc_row][vc_column][vc_empty_space][vc_separator][vc_empty_space][\/vc_column][\/vc_row][vc_row][vc_column width=\u00bb1\/4&#8243;]<a class=\"\" href=\"https:\/\/coedu.alianza.edu.uy\/wp-content\/uploads\/2020\/07\/DSC_0212-2-scaled.jpg\" data-lightbox=\"true\"><img width=\"1024\" height=\"683\" src=\"https:\/\/coedu.alianza.edu.uy\/wp-content\/uploads\/2020\/07\/DSC_0212-2-1024x683.jpg\" class=\"attachment-large size-large\" alt=\"\" decoding=\"async\" loading=\"lazy\" srcset=\"https:\/\/coedu.alianza.edu.uy\/wp-content\/uploads\/2020\/07\/DSC_0212-2-1024x683.jpg 1024w, https:\/\/coedu.alianza.edu.uy\/wp-content\/uploads\/2020\/07\/DSC_0212-2-300x200.jpg 300w, https:\/\/coedu.alianza.edu.uy\/wp-content\/uploads\/2020\/07\/DSC_0212-2-768x512.jpg 768w, https:\/\/coedu.alianza.edu.uy\/wp-content\/uploads\/2020\/07\/DSC_0212-2-1536x1024.jpg 1536w, https:\/\/coedu.alianza.edu.uy\/wp-content\/uploads\/2020\/07\/DSC_0212-2-2048x1365.jpg 2048w\" sizes=\"(max-width: 1024px) 100vw, 1024px\" \/><\/a>[\/vc_column][vc_column width=\u00bb3\/4&#8243;][vc_column_text]<\/p>\n<h4><span style=\"color: #33cccc;\"><strong>Estudio audiovisual:<\/strong><\/span><\/h4>\n<p><span style=\"color: #009a97;\"><strong>CoEDU<\/strong> <\/span>cuenta con un espacio destinado a la realizaci\u00f3n de producciones audiovisuales. Equipado con la tecnolog\u00eda m\u00e1s innovadora, podr\u00e1s realizar aqu\u00ed toda clase de formaci\u00f3n relativa al mundo audiovisual. El APS cuenta con c\u00e1maras modernas, variedad de equipos de iluminaci\u00f3n y sonido, pared croma \u00a1y mucho m\u00e1s![\/vc_column_text][\/vc_column][\/vc_row][vc_row][vc_column][vc_empty_space][vc_separator][vc_empty_space][\/vc_column][\/vc_row][vc_row][vc_column width=\u00bb1\/4&#8243;]<a class=\"\" href=\"https:\/\/coedu.alianza.edu.uy\/wp-content\/uploads\/2020\/07\/informatica2.png\" data-lightbox=\"true\"><img width=\"1024\" height=\"683\" src=\"https:\/\/coedu.alianza.edu.uy\/wp-content\/uploads\/2020\/07\/informatica2-1024x683.png\" class=\"attachment-large size-large\" alt=\"\" decoding=\"async\" loading=\"lazy\" srcset=\"https:\/\/coedu.alianza.edu.uy\/wp-content\/uploads\/2020\/07\/informatica2-1024x683.png 1024w, https:\/\/coedu.alianza.edu.uy\/wp-content\/uploads\/2020\/07\/informatica2-300x200.png 300w, https:\/\/coedu.alianza.edu.uy\/wp-content\/uploads\/2020\/07\/informatica2-768x512.png 768w, https:\/\/coedu.alianza.edu.uy\/wp-content\/uploads\/2020\/07\/informatica2-1536x1024.png 1536w, https:\/\/coedu.alianza.edu.uy\/wp-content\/uploads\/2020\/07\/informatica2-2048x1366.png 2048w\" sizes=\"(max-width: 1024px) 100vw, 1024px\" \/><\/a>[\/vc_column][vc_column width=\u00bb3\/4&#8243;][vc_column_text]<\/p>\n<h4><span style=\"color: #33cccc;\"><strong>Salones PRO:<\/strong><\/span><\/h4>\n<p>Los salones PRO cuentan con 20 computadoras para que puedas impartir tus capacitaciones que requieran de estos equipos de manera pr\u00e1ctica y c\u00f3moda. Adem\u00e1s, est\u00e1n equipados con internet, proyector y pantalla, pizarra y equipo de audio.[\/vc_column_text][\/vc_column][\/vc_row][vc_row][vc_column][vc_empty_space][vc_separator][\/vc_column][\/vc_row]<\/p>\n","protected":false},"excerpt":{"rendered":"<p>[vc_row][vc_column width=\u00bb1\/4&#8243;][\/vc_column][vc_column width=\u00bb3\/4&#8243;][vc_column_text]CoEDU cuenta con infraestructura f\u00edsica para todos los gustos y necesidades.[\/vc_column_text][\/vc_column][\/vc_row][vc_row][vc_column][vc_empty_space][vc_separator][vc_empty_space][\/vc_column][vc_column][\/vc_column][\/vc_row][vc_row][vc_column width=\u00bb1\/4&#8243;][\/vc_column][vc_column width=\u00bb3\/4&#8243;][vc_column_text] Salones de clase: Son espacios acondicionados para&#8230;<\/p>\n","protected":false},"author":1,"featured_media":0,"parent":0,"menu_order":0,"comment_status":"closed","ping_status":"closed","template":"","meta":[],"_links":{"self":[{"href":"https:\/\/coedu.alianza.edu.uy\/index.php\/wp-json\/wp\/v2\/pages\/2686"}],"collection":[{"href":"https:\/\/coedu.alianza.edu.uy\/index.php\/wp-json\/wp\/v2\/pages"}],"about":[{"href":"https:\/\/coedu.alianza.edu.uy\/index.php\/wp-json\/wp\/v2\/types\/page"}],"author":[{"embeddable":true,"href":"https:\/\/coedu.alianza.edu.uy\/index.php\/wp-json\/wp\/v2\/users\/1"}],"replies":[{"embeddable":true,"href":"https:\/\/coedu.alianza.edu.uy\/index.php\/wp-json\/wp\/v2\/comments?post=2686"}],"version-history":[{"count":27,"href":"https:\/\/coedu.alianza.edu.uy\/index.php\/wp-json\/wp\/v2\/pages\/2686\/revisions"}],"predecessor-version":[{"id":3157,"href":"https:\/\/coedu.alianza.edu.uy\/index.php\/wp-json\/wp\/v2\/pages\/2686\/revisions\/3157"}],"wp:attachment":[{"href":"https:\/\/coedu.alianza.edu.uy\/index.php\/wp-json\/wp\/v2\/media?parent=2686"}],"curies":[{"name":"wp","href":"https:\/\/api.w.org\/{rel}","templated":true}]}}